{"id":145,"date":"2019-12-04T09:10:44","date_gmt":"2019-12-04T09:10:44","guid":{"rendered":"http:\/\/plurivox.ro\/?page_id=145"},"modified":"2021-04-20T07:39:42","modified_gmt":"2021-04-20T07:39:42","slug":"homepage","status":"publish","type":"page","link":"https:\/\/plurivox.ro\/","title":{"rendered":"Acas\u0103"},"content":{"rendered":"\n<!-- Begin Mailchimp Signup Form -->\n<link href=\"\/\/cdn-images.mailchimp.com\/embedcode\/horizontal-slim-10_7.css\" rel=\"stylesheet\" type=\"text\/css\">\n<style type=\"text\/css\">\n\t#mc_embed_signup{background:#fff; clear:left; font:14px Helvetica,Arial,sans-serif; width:100%;}\n\t\/* Add your own Mailchimp form style overrides in your site stylesheet or in this style block.\n\t   We recommend moving this block and the preceding CSS link to the HEAD of your HTML file. *\/\n<\/style>\n<style type=\"text\/css\">\n\t#mc-embedded-subscribe-form input[type=checkbox]{display: inline; width: auto;margin-right: 10px;}\n\t#mergeRow-gdpr {margin-top: 20px;}\n\t#mergeRow-gdpr fieldset label {font-weight: normal;}\n\t#mc-embedded-subscribe-form .mc_fieldset{border:none;min-height: 0px;padding-bottom:0px;}\n<\/style>\n<div id=\"mc_embed_signup\">\n<form action=\"https:\/\/plurivox.us20.list-manage.com\/subscribe\/post?u=7c4d5b209f02037f0f1b49c06&amp;id=e73bc1738f\" method=\"post\" id=\"mc-embedded-subscribe-form\" name=\"mc-embedded-subscribe-form\" class=\"validate\" target=\"_blank\" novalidate=\"\">\n    <div id=\"mc_embed_signup_scroll\">\n\t<label for=\"mce-EMAIL\">Newsletter<\/label>\n\t<input type=\"email\" value=\"\" name=\"EMAIL\" class=\"email\" id=\"mce-EMAIL\" placeholder=\"email address\" required=\"\">\n    <!-- real people should not fill this in and expect good things - do not remove this or risk form bot signups-->\n    <div style=\"position: absolute; left: -5000px;\" aria-hidden=\"true\"><input type=\"text\" name=\"b_7c4d5b209f02037f0f1b49c06_e73bc1738f\" tabindex=\"-1\" value=\"\"><\/div>\n    <div class=\"clear\"><input type=\"submit\" value=\"Subscribe\" name=\"subscribe\" id=\"mc-embedded-subscribe\" class=\"button\"><\/div>\n    <\/div>\n<\/form>\n<\/div>\n\n<!--End mc_embed_signup-->\n\n\n\n<div class=\"wp-block-themeisle-blocks-advanced-columns has-1-columns has-desktop-equal-layout has-tablet-equal-layout has-mobile-equal-layout has-default-gap has-vertical-unset\" id=\"wp-block-themeisle-blocks-advanced-columns-d383ccd1\"><div class=\"wp-block-themeisle-blocks-advanced-columns-overlay\"><\/div><div class=\"innerblocks-wrap\">\n<div class=\"wp-block-themeisle-blocks-advanced-column\" id=\"wp-block-themeisle-blocks-advanced-column-e5789ba5\">\n<p class=\"has-very-light-gray-color has-text-color\">Suntem o agen\u021bie de comunicare specializat\u0103 \u00een consultan\u021b\u0103\nstrategic\u0103, rela\u021bii publice \u0219i evenimente de business. <\/p>\n\n\n\n<p><strong>Ce facem?<\/strong><\/p>\n\n\n\n<p>Bref, plec\u0103m de la nevoile companiilor \u0219i construim \u00eempreun\u0103\ncu acestea solu\u021biile care li se potrivesc cel mai bine. <\/p>\n\n\n\n<p><strong>Cum facem?<\/strong><\/p>\n\n\n\n<p>Aplic\u0103m filtrul de \u201ehigh standards\u201d tuturor proiectelor de\ncare alegem s\u0103 ne ocup\u0103m. <\/p>\n\n\n\n<p><strong>PLURIVOX dac\u0103 ai nevoie de:<\/strong><\/p>\n\n\n\n<ul><li>Profesionalism \u2013 trat\u0103m cu rigurozitate fiecare proiect, pentru a livra la cel mai \u00eenalt nivel<\/li><li>Dinamism \u2013 promptitudine is our middle name \ud83d\ude42 <\/li><li>Flexibilitate \u2013 avem capacitatea de a ne adapta nevoilor clien\u021bilor<\/li><li>Dedicare \u2013 pentru c\u0103 nimic nu este posibil f\u0103r\u0103 pasiune \u0219i implicare <\/li><\/ul>\n\n\n\n<p>Plurivox \u00eenseamn\u0103 diversitate \u00een comunicare \u0219i \u00ee\u021bi face auzit\u0103 vocea prin serviciile de PR \u0219i prin evenimentele pe care le organiz\u0103m<\/p>\n<\/div>\n<\/div><\/div>\n","protected":false},"excerpt":{"rendered":"<p>Newsletter<\/p>\n","protected":false},"author":2,"featured_media":0,"parent":0,"menu_order":0,"comment_status":"closed","ping_status":"closed","template":"","meta":{"_mi_skip_tracking":false,"_monsterinsights_sitenote_active":false,"_monsterinsights_sitenote_note":"","_monsterinsights_sitenote_category":0},"_links":{"self":[{"href":"https:\/\/plurivox.ro\/index.php?rest_route=\/wp\/v2\/pages\/145"}],"collection":[{"href":"https:\/\/plurivox.ro\/index.php?rest_route=\/wp\/v2\/pages"}],"about":[{"href":"https:\/\/plurivox.ro\/index.php?rest_route=\/wp\/v2\/types\/page"}],"author":[{"embeddable":true,"href":"https:\/\/plurivox.ro\/index.php?rest_route=\/wp\/v2\/users\/2"}],"replies":[{"embeddable":true,"href":"https:\/\/plurivox.ro\/index.php?rest_route=%2Fwp%2Fv2%2Fcomments&post=145"}],"version-history":[{"count":17,"href":"https:\/\/plurivox.ro\/index.php?rest_route=\/wp\/v2\/pages\/145\/revisions"}],"predecessor-version":[{"id":417,"href":"https:\/\/plurivox.ro\/index.php?rest_route=\/wp\/v2\/pages\/145\/revisions\/417"}],"wp:attachment":[{"href":"https:\/\/plurivox.ro\/index.php?rest_route=%2Fwp%2Fv2%2Fmedia&parent=145"}],"curies":[{"name":"wp","href":"https:\/\/api.w.org\/{rel}","templated":true}]}}